{"id":155,"date":"2024-04-16T10:16:00","date_gmt":"2024-04-16T10:16:00","guid":{"rendered":"https:\/\/www.grenzfelle.com\/?page_id=155"},"modified":"2024-04-16T10:48:17","modified_gmt":"2024-04-16T10:48:17","slug":"impressum","status":"publish","type":"page","link":"https:\/\/www.grenzfelle.com\/index.php\/impressum\/","title":{"rendered":"Impressum"},"content":{"rendered":"\t\t<div data-elementor-type=\"wp-page\" data-elementor-id=\"155\" class=\"elementor elementor-155\">\n\t\t\t\t\t\t<section class=\"elementor-section elementor-top-section elementor-element elementor-element-b54dcd4 elementor-section-boxed elementor-section-height-default elementor-section-height-default\" data-id=\"b54dcd4\" data-element_type=\"section\">\n\t\t\t\t\t\t<div class=\"elementor-container elementor-column-gap-default\">\n\t\t\t\t\t<div class=\"elementor-column elementor-col-100 elementor-top-column elementor-element elementor-element-cecb722\" data-id=\"cecb722\" data-element_type=\"column\">\n\t\t\t<div class=\"elementor-widget-wrap elementor-element-populated\">\n\t\t\t\t\t\t<div class=\"elementor-element elementor-element-b7ec0f6 elementor-widget elementor-widget-spacer\" data-id=\"b7ec0f6\" data-element_type=\"widget\" data-widget_type=\"spacer.default\">\n\t\t\t\t<div class=\"elementor-widget-container\">\n\t\t\t<style>\/*! elementor - v3.23.0 - 05-08-2024 *\/\n.elementor-column .elementor-spacer-inner{height:var(--spacer-size)}.e-con{--container-widget-width:100%}.e-con-inner>.elementor-widget-spacer,.e-con>.elementor-widget-spacer{width:var(--container-widget-width,var(--spacer-size));--align-self:var(--container-widget-align-self,initial);--flex-shrink:0}.e-con-inner>.elementor-widget-spacer>.elementor-widget-container,.e-con>.elementor-widget-spacer>.elementor-widget-container{height:100%;width:100%}.e-con-inner>.elementor-widget-spacer>.elementor-widget-container>.elementor-spacer,.e-con>.elementor-widget-spacer>.elementor-widget-container>.elementor-spacer{height:100%}.e-con-inner>.elementor-widget-spacer>.elementor-widget-container>.elementor-spacer>.elementor-spacer-inner,.e-con>.elementor-widget-spacer>.elementor-widget-container>.elementor-spacer>.elementor-spacer-inner{height:var(--container-widget-height,var(--spacer-size))}.e-con-inner>.elementor-widget-spacer.elementor-widget-empty,.e-con>.elementor-widget-spacer.elementor-widget-empty{position:relative;min-height:22px;min-width:22px}.e-con-inner>.elementor-widget-spacer.elementor-widget-empty .elementor-widget-empty-icon,.e-con>.elementor-widget-spacer.elementor-widget-empty .elementor-widget-empty-icon{position:absolute;top:0;bottom:0;left:0;right:0;margin:auto;padding:0;width:22px;height:22px}<\/style>\t\t<div class=\"elementor-spacer\">\n\t\t\t<div class=\"elementor-spacer-inner\"><\/div>\n\t\t<\/div>\n\t\t\t\t<\/div>\n\t\t\t\t<\/div>\n\t\t\t\t\t<\/div>\n\t\t<\/div>\n\t\t\t\t\t<\/div>\n\t\t<\/section>\n\t\t\t\t<section class=\"elementor-section elementor-top-section elementor-element elementor-element-7b21ad7 elementor-section-boxed elementor-section-height-default elementor-section-height-default\" data-id=\"7b21ad7\" data-element_type=\"section\">\n\t\t\t\t\t\t<div class=\"elementor-container elementor-column-gap-default\">\n\t\t\t\t\t<div class=\"elementor-column elementor-col-100 elementor-top-column elementor-element elementor-element-5d3cd91\" data-id=\"5d3cd91\" data-element_type=\"column\" data-settings=\"{&quot;background_background&quot;:&quot;classic&quot;}\">\n\t\t\t<div class=\"elementor-widget-wrap elementor-element-populated\">\n\t\t\t\t\t\t<div class=\"elementor-element elementor-element-a574942 elementor-widget__width-initial elementor-widget elementor-widget-text-editor\" data-id=\"a574942\" data-element_type=\"widget\" data-widget_type=\"text-editor.default\">\n\t\t\t\t<div class=\"elementor-widget-container\">\n\t\t\t<style>\/*! elementor - v3.23.0 - 05-08-2024 *\/\n.elementor-widget-text-editor.elementor-drop-cap-view-stacked .elementor-drop-cap{background-color:#69727d;color:#fff}.elementor-widget-text-editor.elementor-drop-cap-view-framed .elementor-drop-cap{color:#69727d;border:3px solid;background-color:transparent}.elementor-widget-text-editor:not(.elementor-drop-cap-view-default) .elementor-drop-cap{margin-top:8px}.elementor-widget-text-editor:not(.elementor-drop-cap-view-default) .elementor-drop-cap-letter{width:1em;height:1em}.elementor-widget-text-editor .elementor-drop-cap{float:left;text-align:center;line-height:1;font-size:50px}.elementor-widget-text-editor .elementor-drop-cap-letter{display:inline-block}<\/style>\t\t\t\t<p><span class=\"fontstyle0\"><strong>Impressum<\/strong><\/span><\/p>\n<p><span class=\"fontstyle1\">Chaline Kahl<br><\/span><span class=\"fontstyle1\">Hundetrainin<br><\/span><span class=\"fontstyle1\">Alsterdorferstra\u00dfe 416<br><\/span><span class=\"fontstyle1\">22297 Hamburg<\/span><\/p>\n<p><strong><span class=\"fontstyle0\">Kontakt<\/span><\/strong><\/p>\n<p><span class=\"fontstyle1\">Telefon: +49 1525 7691633<br><\/span><span class=\"fontstyle1\">E-Mail: chaline.kahl@gmail.com<\/span><\/p>\n<p><strong><span class=\"fontstyle0\">Aufsichtsbeh\u00f6rde<\/span><\/strong><\/p>\n<p><span class=\"fontstyle1\">Bezirk Bergedorf Abteilung Veterin\u00e4rwese<br><\/span><span class=\"fontstyle1\">Alte Holstenstra\u00dfe 65-67<br><\/span><span class=\"fontstyle1\">21029 Hamburg<\/span><\/p>\n\n<p><strong><span class=\"fontstyle0\">Redaktionell verantwortlich<\/span><\/strong><\/p>\n<p><span class=\"fontstyle1\">Chaline Kahl<br><\/span><span class=\"fontstyle1\">Alsterdorferstra\u00dfe 416<br><\/span><span class=\"fontstyle1\">22297 Hamburg<\/span><\/p>\n<p><strong><span class=\"fontstyle0\">Verbraucherstreitbeilegung\/Universalschlichtungsstelle<\/span><\/strong><\/p>\n<p><span class=\"fontstyle1\">Wir sind nicht bereit oder verpflichtet, an Streitbeilegungsverfahren vor einer <\/span><span class=\"fontstyle1\">Verbraucherschlichtungsstelle teilzunehmen.<\/span><\/p>\t\t\t\t\t\t<\/div>\n\t\t\t\t<\/div>\n\t\t\t\t<div class=\"elementor-element elementor-element-ccb2f4f elementor-widget elementor-widget-spacer\" data-id=\"ccb2f4f\" data-element_type=\"widget\" data-widget_type=\"spacer.default\">\n\t\t\t\t<div class=\"elementor-widget-container\">\n\t\t\t\t\t<div class=\"elementor-spacer\">\n\t\t\t<div class=\"elementor-spacer-inner\"><\/div>\n\t\t<\/div>\n\t\t\t\t<\/div>\n\t\t\t\t<\/div>\n\t\t\t\t\t<\/div>\n\t\t<\/div>\n\t\t\t\t\t<\/div>\n\t\t<\/section>\n\t\t\t\t<section class=\"elementor-section elementor-top-section elementor-element elementor-element-7528b2d elementor-section-boxed elementor-section-height-default elementor-section-height-default\" data-id=\"7528b2d\" data-element_type=\"section\">\n\t\t\t\t\t\t<div class=\"elementor-container elementor-column-gap-default\">\n\t\t\t\t\t<div class=\"elementor-column elementor-col-100 elementor-top-column elementor-element elementor-element-1053cca\" data-id=\"1053cca\" data-element_type=\"column\">\n\t\t\t<div class=\"elementor-widget-wrap elementor-element-populated\">\n\t\t\t\t\t\t<div class=\"elementor-element elementor-element-69ae823 elementor-widget elementor-widget-spacer\" data-id=\"69ae823\" data-element_type=\"widget\" data-widget_type=\"spacer.default\">\n\t\t\t\t<div class=\"elementor-widget-container\">\n\t\t\t\t\t<div class=\"elementor-spacer\">\n\t\t\t<div class=\"elementor-spacer-inner\"><\/div>\n\t\t<\/div>\n\t\t\t\t<\/div>\n\t\t\t\t<\/div>\n\t\t\t\t\t<\/div>\n\t\t<\/div>\n\t\t\t\t\t<\/div>\n\t\t<\/section>\n\t\t\t\t<\/div>\n\t\t","protected":false},"excerpt":{"rendered":"<p>Impressum Chaline KahlHundetraininAlsterdorferstra\u00dfe 41622297 Hamburg Kontakt Telefon: +49 1525 7691633E-Mail: chaline.kahl@gmail.com Aufsichtsbeh\u00f6rde Bezirk Bergedorf Abteilung Veterin\u00e4rweseAlte Holstenstra\u00dfe 65-6721029 Hamburg Redaktionell verantwortlich Chaline KahlAlsterdorferstra\u00dfe 41622297 Hamburg Verbraucherstreitbeilegung\/Universalschlichtungsstelle Wir sind nicht bereit oder verpflichtet, an Streitbeilegungsverfahren vor einer Verbraucherschlichtungsstelle teilzunehmen.<\/p>\n","protected":false},"author":1,"featured_media":0,"parent":0,"menu_order":0,"comment_status":"closed","ping_status":"closed","template":"","meta":{"footnotes":""},"class_list":["post-155","page","type-page","status-publish","hentry"],"_links":{"self":[{"href":"https:\/\/www.grenzfelle.com\/index.php\/wp-json\/wp\/v2\/pages\/155","targetHints":{"allow":["GET"]}}],"collection":[{"href":"https:\/\/www.grenzfelle.com\/index.php\/wp-json\/wp\/v2\/pages"}],"about":[{"href":"https:\/\/www.grenzfelle.com\/index.php\/wp-json\/wp\/v2\/types\/page"}],"author":[{"embeddable":true,"href":"https:\/\/www.grenzfelle.com\/index.php\/wp-json\/wp\/v2\/users\/1"}],"replies":[{"embeddable":true,"href":"https:\/\/www.grenzfelle.com\/index.php\/wp-json\/wp\/v2\/comments?post=155"}],"version-history":[{"count":7,"href":"https:\/\/www.grenzfelle.com\/index.php\/wp-json\/wp\/v2\/pages\/155\/revisions"}],"predecessor-version":[{"id":162,"href":"https:\/\/www.grenzfelle.com\/index.php\/wp-json\/wp\/v2\/pages\/155\/revisions\/162"}],"wp:attachment":[{"href":"https:\/\/www.grenzfelle.com\/index.php\/wp-json\/wp\/v2\/media?parent=155"}],"curies":[{"name":"wp","href":"https:\/\/api.w.org\/{rel}","templated":true}]}}